{"id":206,"date":"2025-10-15T14:44:25","date_gmt":"2025-10-15T14:44:25","guid":{"rendered":"http:\/\/vitameal.infinityfree.me\/?post_type=product&#038;p=206"},"modified":"2025-11-20T08:29:38","modified_gmt":"2025-11-20T08:29:38","slug":"petit-pot-saumon-carottes","status":"publish","type":"product","link":"https:\/\/vitamealbaby.com\/en\/product\/petit-pot-saumon-carottes\/","title":{"rendered":"Petit pot Saumon carottes"},"content":{"rendered":"<article id=\"portfolio-1-post-2895\" class=\"fusion-portfolio-post petit-pot fusion-col-spacing post-2895\">\n<div class=\"fusion-portfolio-content-wrapper\">\n<div class=\"fusion-portfolio-content\">\n<div class=\"fusion-post-content\">\n<div class=\"fusion-fullwidth fullwidth-box fusion-builder-row-1 nonhundred-percent-fullwidth non-hundred-percent-height-scrolling\">\n<div class=\"fusion-builder-row fusion-row\">\n<div class=\"fusion-layout-column fusion_builder_column fusion-builder-column-1 fusion_builder_column_2_3 2_3 fusion-two-third fusion-column-last products-box\">\n<div class=\"fusion-column-wrapper fusion-flex-column-wrapper-legacy\">\n<div class=\"fusion-text fusion-text-2\">\n<p>Le Petit pot Saumon arottes Vitameal Baby est une pr\u00e9paration m\u00ealant la douceur des carottes \u00e0 la finesse du saumon, sp\u00e9cialement con\u00e7ue pour accompagner l\u2019introduction du poisson d\u00e8s l\u2019\u00e2ge de 6 mois. Sa texture adapt\u00e9e et ses ingr\u00e9dients s\u00e9lectionn\u00e9s offrent un repas \u00e9quilibr\u00e9 et facile \u00e0 dig\u00e9rer pour les tout-petits.<br \/>\nCette recette s\u2019int\u00e8gre naturellement dans la diversification alimentaire et permet \u00e0 b\u00e9b\u00e9 de d\u00e9couvrir de nouvelles saveurs en toute\u00a0simplicit\u00e9.<\/p>\n<\/div>\n<\/div>\n<\/div>\n<\/div>\n<\/div>\n<\/div>\n<\/div>\n<\/div>\n<\/article>","protected":false},"excerpt":{"rendered":"<div class=\"fusion-fullwidth fullwidth-box fusion-builder-row-2 nonhundred-percent-fullwidth non-hundred-percent-height-scrolling fusion-equal-height-columns\">\n<div class=\"fusion-builder-row fusion-row\">\n<div class=\"fusion-layout-column fusion_builder_column fusion-builder-column-2 fusion_builder_column_1_1 1_1 fusion-one-full fusion-column-first fusion-column-last\">\n<div class=\"fusion-text fusion-text-4\">Le Petit pot Saumon arottes Vitameal Baby est une pr\u00e9paration m\u00ealant la douceur des carottes \u00e0 la finesse du saumon, sp\u00e9cialement con\u00e7ue pour accompagner l\u2019introduction du poisson d\u00e8s l\u2019\u00e2ge de 6 mois. Sa texture adapt\u00e9e et ses ingr\u00e9dients s\u00e9lectionn\u00e9s offrent un repas \u00e9quilibr\u00e9 et facile \u00e0 dig\u00e9rer pour les tout-petits.<br \/>\nCette recette s\u2019int\u00e8gre naturellement dans la diversification alimentaire et permet \u00e0 b\u00e9b\u00e9 de d\u00e9couvrir de nouvelles saveurs en toute\u00a0simplicit\u00e9.<\/div>\n<\/div>\n<\/div>\n<\/div>","protected":false},"featured_media":789,"comment_status":"open","ping_status":"closed","template":"","meta":{"om_disable_all_campaigns":false,"_monsterinsights_skip_tracking":false,"_monsterinsights_sitenote_active":false,"_monsterinsights_sitenote_note":"","_monsterinsights_sitenote_category":0},"product_brand":[],"product_cat":[16],"product_tag":[],"class_list":{"0":"post-206","1":"product","2":"type-product","3":"status-publish","4":"has-post-thumbnail","6":"product_cat-les-petits-pots-bebe-vitameal-baby","8":"first","9":"instock","10":"shipping-taxable","11":"product-type-simple"},"aioseo_notices":[],"_links":{"self":[{"href":"https:\/\/vitamealbaby.com\/en\/wp-json\/wp\/v2\/product\/206","targetHints":{"allow":["GET"]}}],"collection":[{"href":"https:\/\/vitamealbaby.com\/en\/wp-json\/wp\/v2\/product"}],"about":[{"href":"https:\/\/vitamealbaby.com\/en\/wp-json\/wp\/v2\/types\/product"}],"replies":[{"embeddable":true,"href":"https:\/\/vitamealbaby.com\/en\/wp-json\/wp\/v2\/comments?post=206"}],"wp:featuredmedia":[{"embeddable":true,"href":"https:\/\/vitamealbaby.com\/en\/wp-json\/wp\/v2\/media\/789"}],"wp:attachment":[{"href":"https:\/\/vitamealbaby.com\/en\/wp-json\/wp\/v2\/media?parent=206"}],"wp:term":[{"taxonomy":"product_brand","embeddable":true,"href":"https:\/\/vitamealbaby.com\/en\/wp-json\/wp\/v2\/product_brand?post=206"},{"taxonomy":"product_cat","embeddable":true,"href":"https:\/\/vitamealbaby.com\/en\/wp-json\/wp\/v2\/product_cat?post=206"},{"taxonomy":"product_tag","embeddable":true,"href":"https:\/\/vitamealbaby.com\/en\/wp-json\/wp\/v2\/product_tag?post=206"}],"curies":[{"name":"wp","href":"https:\/\/api.w.org\/{rel}","templated":true}]}}