{"id":212,"date":"2025-10-15T14:48:13","date_gmt":"2025-10-15T14:48:13","guid":{"rendered":"http:\/\/vitameal.infinityfree.me\/?post_type=product&#038;p=212"},"modified":"2025-11-20T16:25:06","modified_gmt":"2025-11-20T16:25:06","slug":"petit-pot-pomme-banane","status":"publish","type":"product","link":"https:\/\/vitamealbaby.com\/en\/product\/petit-pot-pomme-banane\/","title":{"rendered":"Petit pot Pomme banane"},"content":{"rendered":"<div class=\"fusion-fullwidth fullwidth-box fusion-builder-row-1 nonhundred-percent-fullwidth non-hundred-percent-height-scrolling\">\n<div class=\"fusion-builder-row fusion-row\">\n<div class=\"fusion-layout-column fusion_builder_column fusion-builder-column-1 fusion_builder_column_2_3 2_3 fusion-two-third fusion-column-last products-box\">\n<div class=\"fusion-column-wrapper fusion-flex-column-wrapper-legacy\">\n<div class=\"fusion-text fusion-text-2\">\n<p>Le petit pot Pomme banane Vitameal Baby marie la fra\u00eecheur acidul\u00e9e de la pomme \u00e0 la douceur onctueuse de la banane pour offrir une pur\u00e9e fruit\u00e9e naturellement savoureuse. Pr\u00e9par\u00e9e \u00e0 partir d\u2019ingr\u00e9dients rigoureusement s\u00e9lectionn\u00e9s, sa texture lisse et fondante est sp\u00e9cialement adapt\u00e9e aux palais des tout-petits.<br \/>\nCette recette gourmande s\u2019int\u00e8gre facilement dans l\u2019alimentation quotidienne de b\u00e9b\u00e9 et constitue une d\u00e9licieuse introduction \u00e0 des saveurs douces\u00a0et\u00a0rassurantes.<\/p>\n<\/div>\n<\/div>\n<\/div>\n<\/div>\n<\/div>","protected":false},"excerpt":{"rendered":"<article id=\"portfolio-1-post-2766\" class=\"fusion-portfolio-post petit-pot fusion-col-spacing post-2766\">\n<div class=\"fusion-portfolio-content-wrapper\">\n<div class=\"fusion-portfolio-content\">\n<div class=\"fusion-post-content\">\n<p>Le petit pot Pomme banane Vitameal Baby marie la fra\u00eecheur acidul\u00e9e de la pomme \u00e0 la douceur onctueuse de la banane pour offrir une pur\u00e9e fruit\u00e9e naturellement savoureuse. Pr\u00e9par\u00e9e \u00e0 partir d\u2019ingr\u00e9dients rigoureusement s\u00e9lectionn\u00e9s, sa texture lisse et fondante est sp\u00e9cialement adapt\u00e9e aux palais des tout-petits.<br \/>\nCette recette gourmande s\u2019int\u00e8gre facilement dans l\u2019alimentation quotidienne de b\u00e9b\u00e9 et constitue une d\u00e9licieuse introduction \u00e0 des saveurs douces\u00a0et\u00a0rassurantes.<\/p>\n<\/div>\n<\/div>\n<\/div>\n<\/article>","protected":false},"featured_media":936,"comment_status":"open","ping_status":"closed","template":"","meta":{"om_disable_all_campaigns":false,"_monsterinsights_skip_tracking":false,"_monsterinsights_sitenote_active":false,"_monsterinsights_sitenote_note":"","_monsterinsights_sitenote_category":0},"product_brand":[],"product_cat":[16],"product_tag":[],"class_list":{"0":"post-212","1":"product","2":"type-product","3":"status-publish","4":"has-post-thumbnail","6":"product_cat-les-petits-pots-bebe-vitameal-baby","8":"first","9":"instock","10":"shipping-taxable","11":"product-type-simple"},"aioseo_notices":[],"_links":{"self":[{"href":"https:\/\/vitamealbaby.com\/en\/wp-json\/wp\/v2\/product\/212","targetHints":{"allow":["GET"]}}],"collection":[{"href":"https:\/\/vitamealbaby.com\/en\/wp-json\/wp\/v2\/product"}],"about":[{"href":"https:\/\/vitamealbaby.com\/en\/wp-json\/wp\/v2\/types\/product"}],"replies":[{"embeddable":true,"href":"https:\/\/vitamealbaby.com\/en\/wp-json\/wp\/v2\/comments?post=212"}],"wp:featuredmedia":[{"embeddable":true,"href":"https:\/\/vitamealbaby.com\/en\/wp-json\/wp\/v2\/media\/936"}],"wp:attachment":[{"href":"https:\/\/vitamealbaby.com\/en\/wp-json\/wp\/v2\/media?parent=212"}],"wp:term":[{"taxonomy":"product_brand","embeddable":true,"href":"https:\/\/vitamealbaby.com\/en\/wp-json\/wp\/v2\/product_brand?post=212"},{"taxonomy":"product_cat","embeddable":true,"href":"https:\/\/vitamealbaby.com\/en\/wp-json\/wp\/v2\/product_cat?post=212"},{"taxonomy":"product_tag","embeddable":true,"href":"https:\/\/vitamealbaby.com\/en\/wp-json\/wp\/v2\/product_tag?post=212"}],"curies":[{"name":"wp","href":"https:\/\/api.w.org\/{rel}","templated":true}]}}