{"id":220,"date":"2025-10-15T14:59:46","date_gmt":"2025-10-15T14:59:46","guid":{"rendered":"http:\/\/vitameal.infinityfree.me\/?post_type=product&#038;p=220"},"modified":"2025-11-20T08:59:21","modified_gmt":"2025-11-20T08:59:21","slug":"petit-pot-carottes-du-potager-riz","status":"publish","type":"product","link":"https:\/\/vitamealbaby.com\/en\/product\/petit-pot-carottes-du-potager-riz\/","title":{"rendered":"Petit pot Corottes\u00a0riz"},"content":{"rendered":"<div class=\"fusion-fullwidth fullwidth-box fusion-builder-row-1 nonhundred-percent-fullwidth non-hundred-percent-height-scrolling\">\n<div class=\"fusion-builder-row fusion-row\">\n<div class=\"fusion-layout-column fusion_builder_column fusion-builder-column-1 fusion_builder_column_2_3 2_3 fusion-two-third fusion-column-last products-box\">\n<div class=\"fusion-column-wrapper fusion-flex-column-wrapper-legacy\">\n<div class=\"fusion-text fusion-text-2\">\n<p>Le petit pot Carottes riz Vitameal Baby associe la douceur naturelle des carottes \u00e0 la texture fondante du riz pour un repas \u00e9quilibr\u00e9 et facile \u00e0 dig\u00e9rer. Pr\u00e9par\u00e9 avec des ingr\u00e9dients s\u00e9lectionn\u00e9s, il offre une composition adapt\u00e9e aux besoins nutritionnels des tout-petits.<br \/>\nCette recette douce s\u2019int\u00e8gre id\u00e9alement dans la diversification alimentaire et convient parfaitement aux premiers repas\u00a0sal\u00e9s\u00a0de\u00a0b\u00e9b\u00e9.<\/p>\n<\/div>\n<\/div>\n<\/div>\n<\/div>\n<\/div>","protected":false},"excerpt":{"rendered":"<p>Le petit pot Carottes riz Vitameal Baby associe la douceur naturelle des carottes \u00e0 la texture fondante du riz pour un repas \u00e9quilibr\u00e9 et facile \u00e0 dig\u00e9rer. Pr\u00e9par\u00e9 avec des ingr\u00e9dients s\u00e9lectionn\u00e9s, il offre une composition adapt\u00e9e aux besoins nutritionnels des tout-petits.<br \/>\nCette recette douce s\u2019int\u00e8gre id\u00e9alement dans la diversification alimentaire et convient parfaitement aux premiers repas\u00a0sal\u00e9s\u00a0de\u00a0b\u00e9b\u00e9.<\/p>","protected":false},"featured_media":791,"comment_status":"open","ping_status":"closed","template":"","meta":{"om_disable_all_campaigns":false,"_monsterinsights_skip_tracking":false,"_monsterinsights_sitenote_active":false,"_monsterinsights_sitenote_note":"","_monsterinsights_sitenote_category":0},"product_brand":[],"product_cat":[16],"product_tag":[],"class_list":{"0":"post-220","1":"product","2":"type-product","3":"status-publish","4":"has-post-thumbnail","6":"product_cat-les-petits-pots-bebe-vitameal-baby","8":"first","9":"instock","10":"shipping-taxable","11":"product-type-simple"},"aioseo_notices":[],"_links":{"self":[{"href":"https:\/\/vitamealbaby.com\/en\/wp-json\/wp\/v2\/product\/220","targetHints":{"allow":["GET"]}}],"collection":[{"href":"https:\/\/vitamealbaby.com\/en\/wp-json\/wp\/v2\/product"}],"about":[{"href":"https:\/\/vitamealbaby.com\/en\/wp-json\/wp\/v2\/types\/product"}],"replies":[{"embeddable":true,"href":"https:\/\/vitamealbaby.com\/en\/wp-json\/wp\/v2\/comments?post=220"}],"wp:featuredmedia":[{"embeddable":true,"href":"https:\/\/vitamealbaby.com\/en\/wp-json\/wp\/v2\/media\/791"}],"wp:attachment":[{"href":"https:\/\/vitamealbaby.com\/en\/wp-json\/wp\/v2\/media?parent=220"}],"wp:term":[{"taxonomy":"product_brand","embeddable":true,"href":"https:\/\/vitamealbaby.com\/en\/wp-json\/wp\/v2\/product_brand?post=220"},{"taxonomy":"product_cat","embeddable":true,"href":"https:\/\/vitamealbaby.com\/en\/wp-json\/wp\/v2\/product_cat?post=220"},{"taxonomy":"product_tag","embeddable":true,"href":"https:\/\/vitamealbaby.com\/en\/wp-json\/wp\/v2\/product_tag?post=220"}],"curies":[{"name":"wp","href":"https:\/\/api.w.org\/{rel}","templated":true}]}}