{"id":233,"date":"2025-10-15T15:03:31","date_gmt":"2025-10-15T15:03:31","guid":{"rendered":"http:\/\/vitameal.infinityfree.me\/?post_type=product&#038;p=233"},"modified":"2025-11-20T08:28:09","modified_gmt":"2025-11-20T08:28:09","slug":"petit-pot-tagine-de-boeuf-et-legumes","status":"publish","type":"product","link":"https:\/\/vitamealbaby.com\/en\/product\/petit-pot-tagine-de-boeuf-et-legumes\/","title":{"rendered":"Petit pot Jardini\u00e8re de l\u00e9gumes"},"content":{"rendered":"<p>Le petit pot Jardini\u00e8re de l\u00e9gumes Vitameal Baby propose un m\u00e9lange de l\u00e9gumes s\u00e9lectionn\u00e9s pour offrir au b\u00e9b\u00e9 un go\u00fbt doux et \u00e9quilibr\u00e9. Sa texture lisse est sp\u00e9cialement adapt\u00e9e pour accompagner l\u2019introduction des l\u00e9gumes d\u00e8s l\u2019\u00e2ge de 6 mois.<br \/>\nCette recette apporte les nutriments essentiels tout en aidant votre b\u00e9b\u00e9 \u00e0 d\u00e9couvrir progressivement les saveurs\u00a0des\u00a0l\u00e9gumes.<\/p>","protected":false},"excerpt":{"rendered":"<p>Le petit pot Jardini\u00e8re de l\u00e9gumes Vitameal Baby propose un m\u00e9lange de l\u00e9gumes s\u00e9lectionn\u00e9s pour offrir au b\u00e9b\u00e9 un go\u00fbt doux et \u00e9quilibr\u00e9. Sa texture lisse est sp\u00e9cialement adapt\u00e9e pour accompagner l\u2019introduction des l\u00e9gumes d\u00e8s l\u2019\u00e2ge de 6 mois.<br \/>\nCette recette apporte les nutriments essentiels tout en aidant votre b\u00e9b\u00e9 \u00e0 d\u00e9couvrir progressivement les saveurs\u00a0des\u00a0l\u00e9gumes.<\/p>","protected":false},"featured_media":787,"comment_status":"open","ping_status":"closed","template":"","meta":{"om_disable_all_campaigns":false,"_monsterinsights_skip_tracking":false,"_monsterinsights_sitenote_active":false,"_monsterinsights_sitenote_note":"","_monsterinsights_sitenote_category":0},"product_brand":[],"product_cat":[16],"product_tag":[],"class_list":{"0":"post-233","1":"product","2":"type-product","3":"status-publish","4":"has-post-thumbnail","6":"product_cat-les-petits-pots-bebe-vitameal-baby","8":"first","9":"instock","10":"shipping-taxable","11":"product-type-simple"},"aioseo_notices":[],"_links":{"self":[{"href":"https:\/\/vitamealbaby.com\/en\/wp-json\/wp\/v2\/product\/233","targetHints":{"allow":["GET"]}}],"collection":[{"href":"https:\/\/vitamealbaby.com\/en\/wp-json\/wp\/v2\/product"}],"about":[{"href":"https:\/\/vitamealbaby.com\/en\/wp-json\/wp\/v2\/types\/product"}],"replies":[{"embeddable":true,"href":"https:\/\/vitamealbaby.com\/en\/wp-json\/wp\/v2\/comments?post=233"}],"wp:featuredmedia":[{"embeddable":true,"href":"https:\/\/vitamealbaby.com\/en\/wp-json\/wp\/v2\/media\/787"}],"wp:attachment":[{"href":"https:\/\/vitamealbaby.com\/en\/wp-json\/wp\/v2\/media?parent=233"}],"wp:term":[{"taxonomy":"product_brand","embeddable":true,"href":"https:\/\/vitamealbaby.com\/en\/wp-json\/wp\/v2\/product_brand?post=233"},{"taxonomy":"product_cat","embeddable":true,"href":"https:\/\/vitamealbaby.com\/en\/wp-json\/wp\/v2\/product_cat?post=233"},{"taxonomy":"product_tag","embeddable":true,"href":"https:\/\/vitamealbaby.com\/en\/wp-json\/wp\/v2\/product_tag?post=233"}],"curies":[{"name":"wp","href":"https:\/\/api.w.org\/{rel}","templated":true}]}}