{"id":245,"date":"2025-10-15T15:53:00","date_gmt":"2025-10-15T15:53:00","guid":{"rendered":"http:\/\/vitameal.infinityfree.me\/?post_type=product&#038;p=245"},"modified":"2025-11-20T08:16:36","modified_gmt":"2025-11-20T08:16:36","slug":"compote-cocktail-de-fruits","status":"publish","type":"product","link":"https:\/\/vitamealbaby.com\/en\/product\/compote-cocktail-de-fruits\/","title":{"rendered":"Compote Cocktail de Fruits"},"content":{"rendered":"<div class=\"fusion-fullwidth fullwidth-box fusion-builder-row-1 nonhundred-percent-fullwidth non-hundred-percent-height-scrolling\">\n<div class=\"fusion-builder-row fusion-row\">\n<div class=\"fusion-layout-column fusion_builder_column fusion-builder-column-1 fusion_builder_column_2_3 2_3 fusion-two-third fusion-column-last products-box\">\n<div class=\"fusion-column-wrapper fusion-flex-column-wrapper-legacy\">\n<div class=\"fusion-text fusion-text-2\">\n<p>La compote Cocktail de fruits Vitameal Baby est une pur\u00e9e de fruits d\u2019\u00e9t\u00e9, \u00e9labor\u00e9e \u00e0 partir d\u2019ingr\u00e9dients soigneusement s\u00e9lectionn\u00e9s. Sans conservateurs ni colorants, elle offre une texture douce et un go\u00fbt naturel adapt\u00e9 aux tout-petits.<br \/>\nCette compote apporte les bienfaits nutritionnels n\u00e9cessaires au d\u00e9veloppement de b\u00e9b\u00e9 et s\u2019int\u00e8gre facilement \u00e0 son alimentation quotidienne.<\/p>\n<\/div>\n<\/div>\n<\/div>\n<\/div>\n<\/div>","protected":false},"excerpt":{"rendered":"<p>La compote Cocktail de fruits Vitameal Baby est une pur\u00e9e de fruits d\u2019\u00e9t\u00e9, \u00e9labor\u00e9e \u00e0 partir d\u2019ingr\u00e9dients soigneusement s\u00e9lectionn\u00e9s. Sans conservateurs ni colorants, elle offre une texture douce et un go\u00fbt naturel adapt\u00e9 aux tout-petits.<br \/>\nCette compote apporte les bienfaits nutritionnels n\u00e9cessaires au d\u00e9veloppement de b\u00e9b\u00e9 et s\u2019int\u00e8gre facilement \u00e0 son alimentation quotidienne.<\/p>","protected":false},"featured_media":781,"comment_status":"open","ping_status":"closed","template":"","meta":{"om_disable_all_campaigns":false,"_monsterinsights_skip_tracking":false,"_monsterinsights_sitenote_active":false,"_monsterinsights_sitenote_note":"","_monsterinsights_sitenote_category":0},"product_brand":[],"product_cat":[17],"product_tag":[],"class_list":{"0":"post-245","1":"product","2":"type-product","3":"status-publish","4":"has-post-thumbnail","6":"product_cat-les-compotes-bebe-vitameal-baby","8":"first","9":"instock","10":"shipping-taxable","11":"product-type-simple"},"aioseo_notices":[],"_links":{"self":[{"href":"https:\/\/vitamealbaby.com\/en\/wp-json\/wp\/v2\/product\/245","targetHints":{"allow":["GET"]}}],"collection":[{"href":"https:\/\/vitamealbaby.com\/en\/wp-json\/wp\/v2\/product"}],"about":[{"href":"https:\/\/vitamealbaby.com\/en\/wp-json\/wp\/v2\/types\/product"}],"replies":[{"embeddable":true,"href":"https:\/\/vitamealbaby.com\/en\/wp-json\/wp\/v2\/comments?post=245"}],"wp:featuredmedia":[{"embeddable":true,"href":"https:\/\/vitamealbaby.com\/en\/wp-json\/wp\/v2\/media\/781"}],"wp:attachment":[{"href":"https:\/\/vitamealbaby.com\/en\/wp-json\/wp\/v2\/media?parent=245"}],"wp:term":[{"taxonomy":"product_brand","embeddable":true,"href":"https:\/\/vitamealbaby.com\/en\/wp-json\/wp\/v2\/product_brand?post=245"},{"taxonomy":"product_cat","embeddable":true,"href":"https:\/\/vitamealbaby.com\/en\/wp-json\/wp\/v2\/product_cat?post=245"},{"taxonomy":"product_tag","embeddable":true,"href":"https:\/\/vitamealbaby.com\/en\/wp-json\/wp\/v2\/product_tag?post=245"}],"curies":[{"name":"wp","href":"https:\/\/api.w.org\/{rel}","templated":true}]}}