{"id":251,"date":"2025-10-15T15:58:58","date_gmt":"2025-10-15T15:58:58","guid":{"rendered":"http:\/\/vitameal.infinityfree.me\/?post_type=product&#038;p=251"},"modified":"2025-11-19T22:28:52","modified_gmt":"2025-11-19T22:28:52","slug":"cereals-ble-lait-vitameal-baby","status":"publish","type":"product","link":"https:\/\/vitamealbaby.com\/en\/product\/cereals-ble-lait-vitameal-baby\/","title":{"rendered":"C\u00e9r\u00e9ales Bl\u00e9 &#038; Lait"},"content":{"rendered":"<div class=\"fusion-fullwidth fullwidth-box fusion-builder-row-1 hundred-percent-fullwidth non-hundred-percent-height-scrolling fusion-equal-height-columns\">\n<div class=\"fusion-builder-row fusion-row\">\n<div class=\"fusion-layout-column fusion_builder_column fusion-builder-column-1 fusion_builder_column_2_3 2_3 fusion-two-third fusion-column-last products-box\">\n<div class=\"fusion-column-wrapper fusion-flex-column-wrapper-legacy\">\n<div class=\"fusion-text fusion-text-2\">\n<p>Les c\u00e9r\u00e9ales bl\u00e9 lait Vitameal Baby sont une pr\u00e9paration sp\u00e9cialement con\u00e7ue pour les enfants de 6 mois \u00e0 3 ans. Elles contiennent un m\u00e9lange nutritif de bl\u00e9 et de lait, enrichi de 24 vitamines et min\u00e9raux essentiels au d\u00e9veloppement et \u00e0 la croissance des tout-petits.<br \/>\nCette formule offre une texture douce et adapt\u00e9e \u00e0 l\u2019alimentation infantile, tout en apportant l\u2019\u00e9nergie et les nutriments n\u00e9cessaires \u00e0 leur routine quotidienne.<\/p>\n<\/div>\n<\/div>\n<\/div>\n<\/div>\n<\/div>","protected":false},"excerpt":{"rendered":"<p>Les c\u00e9r\u00e9ales bl\u00e9 lait Vitameal Baby sont une pr\u00e9paration sp\u00e9cialement con\u00e7ue pour les enfants de 6 mois \u00e0 3 ans. Elles contiennent un m\u00e9lange nutritif de bl\u00e9 et de lait, enrichi de 24 vitamines et min\u00e9raux essentiels au d\u00e9veloppement et \u00e0 la croissance des tout-petits.<br \/>\nCette formule offre une texture douce et adapt\u00e9e \u00e0 l\u2019alimentation infantile, tout en apportant l\u2019\u00e9nergie et les nutriments n\u00e9cessaires \u00e0 leur routine quotidienne.<\/p>","protected":false},"featured_media":713,"comment_status":"open","ping_status":"closed","template":"","meta":{"om_disable_all_campaigns":false,"_monsterinsights_skip_tracking":false,"_monsterinsights_sitenote_active":false,"_monsterinsights_sitenote_note":"","_monsterinsights_sitenote_category":0},"product_brand":[],"product_cat":[18],"product_tag":[],"class_list":{"0":"post-251","1":"product","2":"type-product","3":"status-publish","4":"has-post-thumbnail","6":"product_cat-les-cereales-bebe-vitameal-baby","8":"first","9":"instock","10":"shipping-taxable","11":"product-type-simple"},"aioseo_notices":[],"_links":{"self":[{"href":"https:\/\/vitamealbaby.com\/en\/wp-json\/wp\/v2\/product\/251","targetHints":{"allow":["GET"]}}],"collection":[{"href":"https:\/\/vitamealbaby.com\/en\/wp-json\/wp\/v2\/product"}],"about":[{"href":"https:\/\/vitamealbaby.com\/en\/wp-json\/wp\/v2\/types\/product"}],"replies":[{"embeddable":true,"href":"https:\/\/vitamealbaby.com\/en\/wp-json\/wp\/v2\/comments?post=251"}],"wp:featuredmedia":[{"embeddable":true,"href":"https:\/\/vitamealbaby.com\/en\/wp-json\/wp\/v2\/media\/713"}],"wp:attachment":[{"href":"https:\/\/vitamealbaby.com\/en\/wp-json\/wp\/v2\/media?parent=251"}],"wp:term":[{"taxonomy":"product_brand","embeddable":true,"href":"https:\/\/vitamealbaby.com\/en\/wp-json\/wp\/v2\/product_brand?post=251"},{"taxonomy":"product_cat","embeddable":true,"href":"https:\/\/vitamealbaby.com\/en\/wp-json\/wp\/v2\/product_cat?post=251"},{"taxonomy":"product_tag","embeddable":true,"href":"https:\/\/vitamealbaby.com\/en\/wp-json\/wp\/v2\/product_tag?post=251"}],"curies":[{"name":"wp","href":"https:\/\/api.w.org\/{rel}","templated":true}]}}