{"id":257,"date":"2025-10-15T16:37:14","date_gmt":"2025-10-15T16:37:14","guid":{"rendered":"http:\/\/vitameal.infinityfree.me\/?post_type=product&#038;p=257"},"modified":"2025-11-19T22:29:29","modified_gmt":"2025-11-19T22:29:29","slug":"cereales-ble-lait-fruits","status":"publish","type":"product","link":"https:\/\/vitamealbaby.com\/en\/product\/cereales-ble-lait-fruits\/","title":{"rendered":"C\u00e9r\u00e9ales bl\u00e9 lait fruits"},"content":{"rendered":"<p>Les c\u00e9r\u00e9ales bl\u00e9 lait fruits Vitameal Baby sont une pr\u00e9paration au lait compos\u00e9e de bl\u00e9 et d\u2019un m\u00e9lange de fruits : oranges, bananes et dattes. Cette combinaison apporte une saveur naturellement douce et une texture adapt\u00e9e \u00e0 l\u2019alimentation des tout-petits.<br \/>\nCette recette est enrichie en vitamines et fournit l\u2019\u00e9nergie n\u00e9cessaire au repas de b\u00e9b\u00e9, tout en facilitant une digestion agr\u00e9able gr\u00e2ce \u00e0 sa texture onctueuse.<\/p>","protected":false},"excerpt":{"rendered":"<p>Les c\u00e9r\u00e9ales bl\u00e9 lait fruits Vitameal Baby sont une pr\u00e9paration au lait compos\u00e9e de bl\u00e9 et d\u2019un m\u00e9lange de fruits : oranges, bananes et dattes. Cette combinaison apporte une saveur naturellement douce et une texture adapt\u00e9e \u00e0 l\u2019alimentation des tout-petits.<br \/>\nCette recette est enrichie en vitamines et fournit l\u2019\u00e9nergie n\u00e9cessaire au repas de b\u00e9b\u00e9, tout en facilitant une digestion agr\u00e9able gr\u00e2ce \u00e0 sa texture onctueuse.<\/p>","protected":false},"featured_media":714,"comment_status":"open","ping_status":"closed","template":"","meta":{"om_disable_all_campaigns":false,"_monsterinsights_skip_tracking":false,"_monsterinsights_sitenote_active":false,"_monsterinsights_sitenote_note":"","_monsterinsights_sitenote_category":0},"product_brand":[],"product_cat":[18],"product_tag":[],"class_list":{"0":"post-257","1":"product","2":"type-product","3":"status-publish","4":"has-post-thumbnail","6":"product_cat-les-cereales-bebe-vitameal-baby","8":"first","9":"instock","10":"shipping-taxable","11":"product-type-simple"},"aioseo_notices":[],"_links":{"self":[{"href":"https:\/\/vitamealbaby.com\/en\/wp-json\/wp\/v2\/product\/257","targetHints":{"allow":["GET"]}}],"collection":[{"href":"https:\/\/vitamealbaby.com\/en\/wp-json\/wp\/v2\/product"}],"about":[{"href":"https:\/\/vitamealbaby.com\/en\/wp-json\/wp\/v2\/types\/product"}],"replies":[{"embeddable":true,"href":"https:\/\/vitamealbaby.com\/en\/wp-json\/wp\/v2\/comments?post=257"}],"wp:featuredmedia":[{"embeddable":true,"href":"https:\/\/vitamealbaby.com\/en\/wp-json\/wp\/v2\/media\/714"}],"wp:attachment":[{"href":"https:\/\/vitamealbaby.com\/en\/wp-json\/wp\/v2\/media?parent=257"}],"wp:term":[{"taxonomy":"product_brand","embeddable":true,"href":"https:\/\/vitamealbaby.com\/en\/wp-json\/wp\/v2\/product_brand?post=257"},{"taxonomy":"product_cat","embeddable":true,"href":"https:\/\/vitamealbaby.com\/en\/wp-json\/wp\/v2\/product_cat?post=257"},{"taxonomy":"product_tag","embeddable":true,"href":"https:\/\/vitamealbaby.com\/en\/wp-json\/wp\/v2\/product_tag?post=257"}],"curies":[{"name":"wp","href":"https:\/\/api.w.org\/{rel}","templated":true}]}}