{"id":270,"date":"2025-10-16T08:57:18","date_gmt":"2025-10-16T08:57:18","guid":{"rendered":"https:\/\/vitameal.infinityfree.me\/?post_type=product&#038;p=270"},"modified":"2025-11-20T16:12:32","modified_gmt":"2025-11-20T16:12:32","slug":"petit-pot-fait-maison-ou-industriel","status":"publish","type":"product","link":"https:\/\/vitamealbaby.com\/en\/product\/petit-pot-fait-maison-ou-industriel\/","title":{"rendered":"Baby food jar: homemade or industrial?"},"content":{"rendered":"<div class=\"fusion-layout-column fusion_builder_column fusion-builder-column-1 fusion_builder_column_2_3 2_3 fusion-two-third fusion-column-first\">\n<div class=\"fusion-column-wrapper fusion-flex-column-wrapper-legacy\">\n<div class=\"fusion-text fusion-text-1\">\n<p>Lorsqu\u2019il s\u2019agit d\u2019alimenter un b\u00e9b\u00e9, les parents h\u00e9sitent souvent entre les petits pots faits maison et les pr\u00e9parations industrielles. Les deux options pr\u00e9sentent des avantages, et le choix d\u00e9pend surtout du rythme de vie, des besoins nutritionnels et des pr\u00e9f\u00e9rences de chaque famille.<\/p>\n<p>Les petits pots industriels pour b\u00e9b\u00e9s sont \u00e9labor\u00e9s selon des normes strictes, avec des ingr\u00e9dients s\u00e9lectionn\u00e9s et un contr\u00f4le qualit\u00e9 rigoureux. Ils permettent d\u2019assurer une composition adapt\u00e9e \u00e0 l\u2019\u00e2ge de b\u00e9b\u00e9, une texture homog\u00e8ne et une s\u00e9curit\u00e9 alimentaire optimale. C\u2019est une solution pratique, s\u00fbre et rapide pour les repas du quotidien.<br \/>\nLes recettes maison, quant \u00e0 elles, offrent la possibilit\u00e9 de varier les saveurs, de contr\u00f4ler la pr\u00e9paration soi-m\u00eame et de cuisiner selon les habitudes familiales. Elles demandent cependant du temps, une bonne organisation et une attention particuli\u00e8re \u00e0 la conservation et \u00e0 l\u2019hygi\u00e8ne.<\/p>\n<p>Chez Vitameal Baby, chaque petit pot est con\u00e7u pour offrir le meilleur \u00e0 votre enfant.<br \/>\nNos recettes sont \u00e9labor\u00e9es \u00e0 partir d\u2019ingr\u00e9dients soigneusement s\u00e9lectionn\u00e9s, sans conservateurs ni colorants, et adapt\u00e9es aux besoins nutritionnels des tout-petits. Gr\u00e2ce \u00e0 des textures parfaitement \u00e9tudi\u00e9es et \u00e0 des saveurs vari\u00e9es, les petits pots Vitameal Baby apportent \u00e0 la fois praticit\u00e9, s\u00e9curit\u00e9 et qualit\u00e9. Une alternative fiable et rassurante pour accompagner la diversification alimentaire de b\u00e9b\u00e9 en toute\u00a0confiance.<\/p>\n<\/div>\n<\/div>\n<\/div>","protected":false},"excerpt":{"rendered":"<p>Lorsqu\u2019il s\u2019agit d\u2019alimenter un b\u00e9b\u00e9, les parents h\u00e9sitent souvent entre les petits pots faits maison et les pr\u00e9parations industrielles. Les deux options pr\u00e9sentent des avantages, et le choix d\u00e9pend surtout du rythme de vie, des besoins nutritionnels et des pr\u00e9f\u00e9rences de chaque famille.<br \/>\nLes petits pots industriels pour b\u00e9b\u00e9s sont \u00e9labor\u00e9s selon des normes strictes, avec des ingr\u00e9dients s\u00e9lectionn\u00e9s et un contr\u00f4le qualit\u00e9 rigoureux. Ils permettent d\u2019assurer une composition adapt\u00e9e \u00e0 l\u2019\u00e2ge de b\u00e9b\u00e9, une texture homog\u00e8ne et une s\u00e9curit\u00e9 alimentaire optimale. C\u2019est une solution pratique, s\u00fbre et rapide pour les repas du quotidien.<br \/>\nLes recettes maison, quant \u00e0 elles, offrent la possibilit\u00e9 de varier les saveurs, de contr\u00f4ler la pr\u00e9paration soi-m\u00eame et de cuisiner selon les habitudes familiales. Elles demandent cependant du temps, une bonne organisation et une attention particuli\u00e8re \u00e0 la conservation et \u00e0 l\u2019hygi\u00e8ne.<br \/>\nChez Vitameal Baby, chaque petit pot est con\u00e7u pour offrir le meilleur \u00e0 votre enfant.<br \/>\nNos recettes sont \u00e9labor\u00e9es \u00e0 partir d\u2019ingr\u00e9dients soigneusement s\u00e9lectionn\u00e9s, sans conservateurs ni colorants, et adapt\u00e9es aux besoins nutritionnels des tout-petits. Gr\u00e2ce \u00e0 des textures parfaitement \u00e9tudi\u00e9es et \u00e0 des saveurs vari\u00e9es, les petits pots Vitameal Baby apportent \u00e0 la fois praticit\u00e9, s\u00e9curit\u00e9 et qualit\u00e9. Une alternative fiable et rassurante pour accompagner la diversification alimentaire de b\u00e9b\u00e9 en toute\u00a0confiance.<\/p>","protected":false},"featured_media":630,"comment_status":"open","ping_status":"closed","template":"","meta":{"om_disable_all_campaigns":false,"_monsterinsights_skip_tracking":false,"_monsterinsights_sitenote_active":false,"_monsterinsights_sitenote_note":"","_monsterinsights_sitenote_category":0},"product_brand":[],"product_cat":[29],"product_tag":[],"class_list":{"0":"post-270","1":"product","2":"type-product","3":"status-publish","4":"has-post-thumbnail","6":"product_cat-petit-pot-fait-maison-ou-industriel","8":"first","9":"instock","10":"shipping-taxable","11":"product-type-simple"},"aioseo_notices":[],"_links":{"self":[{"href":"https:\/\/vitamealbaby.com\/en\/wp-json\/wp\/v2\/product\/270","targetHints":{"allow":["GET"]}}],"collection":[{"href":"https:\/\/vitamealbaby.com\/en\/wp-json\/wp\/v2\/product"}],"about":[{"href":"https:\/\/vitamealbaby.com\/en\/wp-json\/wp\/v2\/types\/product"}],"replies":[{"embeddable":true,"href":"https:\/\/vitamealbaby.com\/en\/wp-json\/wp\/v2\/comments?post=270"}],"wp:featuredmedia":[{"embeddable":true,"href":"https:\/\/vitamealbaby.com\/en\/wp-json\/wp\/v2\/media\/630"}],"wp:attachment":[{"href":"https:\/\/vitamealbaby.com\/en\/wp-json\/wp\/v2\/media?parent=270"}],"wp:term":[{"taxonomy":"product_brand","embeddable":true,"href":"https:\/\/vitamealbaby.com\/en\/wp-json\/wp\/v2\/product_brand?post=270"},{"taxonomy":"product_cat","embeddable":true,"href":"https:\/\/vitamealbaby.com\/en\/wp-json\/wp\/v2\/product_cat?post=270"},{"taxonomy":"product_tag","embeddable":true,"href":"https:\/\/vitamealbaby.com\/en\/wp-json\/wp\/v2\/product_tag?post=270"}],"curies":[{"name":"wp","href":"https:\/\/api.w.org\/{rel}","templated":true}]}}