{"id":724,"date":"2025-11-19T22:37:11","date_gmt":"2025-11-19T22:37:11","guid":{"rendered":"https:\/\/vitamealbaby.com\/?post_type=product&#038;p=724"},"modified":"2025-11-20T08:20:48","modified_gmt":"2025-11-20T08:20:48","slug":"compote-cocktail-de-fruits-2","status":"publish","type":"product","link":"https:\/\/vitamealbaby.com\/en\/product\/compote-cocktail-de-fruits-2\/","title":{"rendered":"Compote Pomme fraise"},"content":{"rendered":"<p>La compote Pomme Fraise Vitameal Baby est une pur\u00e9e de fruits alliant la douceur de la pomme et la saveur naturellement sucr\u00e9e de la fraise. \u00c9labor\u00e9e avec des fruits soigneusement s\u00e9lectionn\u00e9s, elle ne contient ni conservateurs ni colorants.<br \/>\nSa texture lisse et son go\u00fbt doux en font une compote adapt\u00e9e aux besoins des tout-petits et facile \u00e0 int\u00e9grer dans leur alimentation\u00a0quotidienne.<\/p>","protected":false},"excerpt":{"rendered":"<p>La compote Pomme Fraise Vitameal Baby est une pur\u00e9e de fruits alliant la douceur de la pomme et la saveur naturellement sucr\u00e9e de la fraise. \u00c9labor\u00e9e avec des fruits soigneusement s\u00e9lectionn\u00e9s, elle ne contient ni conservateurs ni colorants.<br \/>\nSa texture lisse et son go\u00fbt doux en font une compote adapt\u00e9e aux besoins des tout-petits et facile \u00e0 int\u00e9grer dans leur alimentation\u00a0quotidienne.<\/p>","protected":false},"featured_media":783,"comment_status":"open","ping_status":"closed","template":"","meta":{"om_disable_all_campaigns":false,"_monsterinsights_skip_tracking":false,"_monsterinsights_sitenote_active":false,"_monsterinsights_sitenote_note":"","_monsterinsights_sitenote_category":0},"product_brand":[],"product_cat":[17],"product_tag":[],"class_list":{"0":"post-724","1":"product","2":"type-product","3":"status-publish","4":"has-post-thumbnail","6":"product_cat-les-compotes-bebe-vitameal-baby","8":"first","9":"instock","10":"shipping-taxable","11":"product-type-simple"},"aioseo_notices":[],"_links":{"self":[{"href":"https:\/\/vitamealbaby.com\/en\/wp-json\/wp\/v2\/product\/724","targetHints":{"allow":["GET"]}}],"collection":[{"href":"https:\/\/vitamealbaby.com\/en\/wp-json\/wp\/v2\/product"}],"about":[{"href":"https:\/\/vitamealbaby.com\/en\/wp-json\/wp\/v2\/types\/product"}],"replies":[{"embeddable":true,"href":"https:\/\/vitamealbaby.com\/en\/wp-json\/wp\/v2\/comments?post=724"}],"wp:featuredmedia":[{"embeddable":true,"href":"https:\/\/vitamealbaby.com\/en\/wp-json\/wp\/v2\/media\/783"}],"wp:attachment":[{"href":"https:\/\/vitamealbaby.com\/en\/wp-json\/wp\/v2\/media?parent=724"}],"wp:term":[{"taxonomy":"product_brand","embeddable":true,"href":"https:\/\/vitamealbaby.com\/en\/wp-json\/wp\/v2\/product_brand?post=724"},{"taxonomy":"product_cat","embeddable":true,"href":"https:\/\/vitamealbaby.com\/en\/wp-json\/wp\/v2\/product_cat?post=724"},{"taxonomy":"product_tag","embeddable":true,"href":"https:\/\/vitamealbaby.com\/en\/wp-json\/wp\/v2\/product_tag?post=724"}],"curies":[{"name":"wp","href":"https:\/\/api.w.org\/{rel}","templated":true}]}}