{"id":725,"date":"2025-11-19T22:38:53","date_gmt":"2025-11-19T22:38:53","guid":{"rendered":"https:\/\/vitamealbaby.com\/?post_type=product&#038;p=725"},"modified":"2025-11-20T08:21:39","modified_gmt":"2025-11-20T08:21:39","slug":"compote-pomme-fraise","status":"publish","type":"product","link":"https:\/\/vitamealbaby.com\/en\/product\/compote-pomme-fraise\/","title":{"rendered":"Compote Pomme"},"content":{"rendered":"<p>La compote Pomme Vitameal Baby est une pur\u00e9e de fruits \u00e9labor\u00e9e uniquement \u00e0 partir de pommes soigneusement s\u00e9lectionn\u00e9es. Naturelle et douce, elle ne contient ni conservateurs ni colorants, et offre une texture lisse adapt\u00e9e aux tout-petits.<br \/>\nCette compote simple et l\u00e9g\u00e8re s\u2019int\u00e8gre facilement dans l\u2019alimentation quotidienne de b\u00e9b\u00e9 et constitue une premi\u00e8re approche id\u00e9ale des saveurs\u00a0fruit\u00e9es.<\/p>","protected":false},"excerpt":{"rendered":"<p>La compote Pomme Vitameal Baby est une pur\u00e9e de fruits \u00e9labor\u00e9e uniquement \u00e0 partir de pommes soigneusement s\u00e9lectionn\u00e9es. Naturelle et douce, elle ne contient ni conservateurs ni colorants, et offre une texture lisse adapt\u00e9e aux tout-petits.<br \/>\nCette compote simple et l\u00e9g\u00e8re s\u2019int\u00e8gre facilement dans l\u2019alimentation quotidienne de b\u00e9b\u00e9 et constitue une premi\u00e8re approche id\u00e9ale des saveurs\u00a0fruit\u00e9es.<\/p>","protected":false},"featured_media":784,"comment_status":"open","ping_status":"closed","template":"","meta":{"om_disable_all_campaigns":false,"_monsterinsights_skip_tracking":false,"_monsterinsights_sitenote_active":false,"_monsterinsights_sitenote_note":"","_monsterinsights_sitenote_category":0},"product_brand":[],"product_cat":[17],"product_tag":[],"class_list":{"0":"post-725","1":"product","2":"type-product","3":"status-publish","4":"has-post-thumbnail","6":"product_cat-les-compotes-bebe-vitameal-baby","8":"first","9":"instock","10":"shipping-taxable","11":"product-type-simple"},"aioseo_notices":[],"_links":{"self":[{"href":"https:\/\/vitamealbaby.com\/en\/wp-json\/wp\/v2\/product\/725","targetHints":{"allow":["GET"]}}],"collection":[{"href":"https:\/\/vitamealbaby.com\/en\/wp-json\/wp\/v2\/product"}],"about":[{"href":"https:\/\/vitamealbaby.com\/en\/wp-json\/wp\/v2\/types\/product"}],"replies":[{"embeddable":true,"href":"https:\/\/vitamealbaby.com\/en\/wp-json\/wp\/v2\/comments?post=725"}],"wp:featuredmedia":[{"embeddable":true,"href":"https:\/\/vitamealbaby.com\/en\/wp-json\/wp\/v2\/media\/784"}],"wp:attachment":[{"href":"https:\/\/vitamealbaby.com\/en\/wp-json\/wp\/v2\/media?parent=725"}],"wp:term":[{"taxonomy":"product_brand","embeddable":true,"href":"https:\/\/vitamealbaby.com\/en\/wp-json\/wp\/v2\/product_brand?post=725"},{"taxonomy":"product_cat","embeddable":true,"href":"https:\/\/vitamealbaby.com\/en\/wp-json\/wp\/v2\/product_cat?post=725"},{"taxonomy":"product_tag","embeddable":true,"href":"https:\/\/vitamealbaby.com\/en\/wp-json\/wp\/v2\/product_tag?post=725"}],"curies":[{"name":"wp","href":"https:\/\/api.w.org\/{rel}","templated":true}]}}