{"id":729,"date":"2025-11-19T22:40:19","date_gmt":"2025-11-19T22:40:19","guid":{"rendered":"https:\/\/vitamealbaby.com\/?post_type=product&#038;p=729"},"modified":"2025-11-20T08:18:13","modified_gmt":"2025-11-20T08:18:13","slug":"compote-pomme-banane","status":"publish","type":"product","link":"https:\/\/vitamealbaby.com\/en\/product\/compote-pomme-banane\/","title":{"rendered":"Compote Pomme banane"},"content":{"rendered":"<p>La compote pomme banane Vitameal Baby associe la douceur de la pomme \u00e0 l\u2019onctuosit\u00e9 de la banane pour une pur\u00e9e de fruits naturellement savoureuse. Pr\u00e9par\u00e9e avec des ingr\u00e9dients s\u00e9lectionn\u00e9s, elle est garantie sans conservateurs ni colorants.<br \/>\nSa texture lisse et son go\u00fbt agr\u00e9able conviennent parfaitement aux tout-petits et s\u2019int\u00e8grent facilement dans leur alimentation quotidienne.<\/p>","protected":false},"excerpt":{"rendered":"<p>La compote pomme banane Vitameal Baby associe la douceur de la pomme \u00e0 l\u2019onctuosit\u00e9 de la banane pour une pur\u00e9e de fruits naturellement savoureuse. Pr\u00e9par\u00e9e avec des ingr\u00e9dients s\u00e9lectionn\u00e9s, elle est garantie sans conservateurs ni colorants.<br \/>\nSa texture lisse et son go\u00fbt agr\u00e9able conviennent parfaitement aux tout-petits et s\u2019int\u00e8grent facilement dans leur alimentation quotidienne.<\/p>","protected":false},"featured_media":782,"comment_status":"open","ping_status":"closed","template":"","meta":{"om_disable_all_campaigns":false,"_monsterinsights_skip_tracking":false,"_monsterinsights_sitenote_active":false,"_monsterinsights_sitenote_note":"","_monsterinsights_sitenote_category":0},"product_brand":[],"product_cat":[17],"product_tag":[],"class_list":{"0":"post-729","1":"product","2":"type-product","3":"status-publish","4":"has-post-thumbnail","6":"product_cat-les-compotes-bebe-vitameal-baby","8":"first","9":"instock","10":"shipping-taxable","11":"product-type-simple"},"aioseo_notices":[],"_links":{"self":[{"href":"https:\/\/vitamealbaby.com\/en\/wp-json\/wp\/v2\/product\/729","targetHints":{"allow":["GET"]}}],"collection":[{"href":"https:\/\/vitamealbaby.com\/en\/wp-json\/wp\/v2\/product"}],"about":[{"href":"https:\/\/vitamealbaby.com\/en\/wp-json\/wp\/v2\/types\/product"}],"replies":[{"embeddable":true,"href":"https:\/\/vitamealbaby.com\/en\/wp-json\/wp\/v2\/comments?post=729"}],"wp:featuredmedia":[{"embeddable":true,"href":"https:\/\/vitamealbaby.com\/en\/wp-json\/wp\/v2\/media\/782"}],"wp:attachment":[{"href":"https:\/\/vitamealbaby.com\/en\/wp-json\/wp\/v2\/media?parent=729"}],"wp:term":[{"taxonomy":"product_brand","embeddable":true,"href":"https:\/\/vitamealbaby.com\/en\/wp-json\/wp\/v2\/product_brand?post=729"},{"taxonomy":"product_cat","embeddable":true,"href":"https:\/\/vitamealbaby.com\/en\/wp-json\/wp\/v2\/product_cat?post=729"},{"taxonomy":"product_tag","embeddable":true,"href":"https:\/\/vitamealbaby.com\/en\/wp-json\/wp\/v2\/product_tag?post=729"}],"curies":[{"name":"wp","href":"https:\/\/api.w.org\/{rel}","templated":true}]}}