{"id":743,"date":"2025-11-19T22:54:41","date_gmt":"2025-11-19T22:54:41","guid":{"rendered":"https:\/\/vitamealbaby.com\/?post_type=product&#038;p=743"},"modified":"2025-11-20T08:59:58","modified_gmt":"2025-11-20T08:59:58","slug":"petit-pot-pomme-poire","status":"publish","type":"product","link":"https:\/\/vitamealbaby.com\/en\/product\/petit-pot-pomme-poire\/","title":{"rendered":"Petit pot Pomme poire"},"content":{"rendered":"<p>Le petit pot Pomme poire Vitameal Baby combine la douceur de la pomme et la finesse de la poire pour une pur\u00e9e de fruits au go\u00fbt naturellement d\u00e9licat. \u00c9labor\u00e9 avec des ingr\u00e9dients soigneusement s\u00e9lectionn\u00e9s, il pr\u00e9sente une texture lisse adapt\u00e9e aux tout-petits.<br \/>\nCette recette l\u00e9g\u00e8re s\u2019int\u00e8gre facilement dans l\u2019alimentation quotidienne de b\u00e9b\u00e9 et convient parfaitement pour d\u00e9couvrir de nouvelles saveurs\u00a0fruit\u00e9es.<\/p>","protected":false},"excerpt":{"rendered":"<p>Le petit pot Pomme poire Vitameal Baby combine la douceur de la pomme et la finesse de la poire pour une pur\u00e9e de fruits au go\u00fbt naturellement d\u00e9licat. \u00c9labor\u00e9 avec des ingr\u00e9dients soigneusement s\u00e9lectionn\u00e9s, il pr\u00e9sente une texture lisse adapt\u00e9e aux tout-petits.<br \/>\nCette recette l\u00e9g\u00e8re s\u2019int\u00e8gre facilement dans l\u2019alimentation quotidienne de b\u00e9b\u00e9 et convient parfaitement pour d\u00e9couvrir de nouvelles saveurs\u00a0fruit\u00e9es.<\/p>","protected":false},"featured_media":792,"comment_status":"open","ping_status":"closed","template":"","meta":{"om_disable_all_campaigns":false,"_monsterinsights_skip_tracking":false,"_monsterinsights_sitenote_active":false,"_monsterinsights_sitenote_note":"","_monsterinsights_sitenote_category":0},"product_brand":[],"product_cat":[16],"product_tag":[],"class_list":{"0":"post-743","1":"product","2":"type-product","3":"status-publish","4":"has-post-thumbnail","6":"product_cat-les-petits-pots-bebe-vitameal-baby","8":"first","9":"instock","10":"shipping-taxable","11":"product-type-simple"},"aioseo_notices":[],"_links":{"self":[{"href":"https:\/\/vitamealbaby.com\/en\/wp-json\/wp\/v2\/product\/743","targetHints":{"allow":["GET"]}}],"collection":[{"href":"https:\/\/vitamealbaby.com\/en\/wp-json\/wp\/v2\/product"}],"about":[{"href":"https:\/\/vitamealbaby.com\/en\/wp-json\/wp\/v2\/types\/product"}],"replies":[{"embeddable":true,"href":"https:\/\/vitamealbaby.com\/en\/wp-json\/wp\/v2\/comments?post=743"}],"wp:featuredmedia":[{"embeddable":true,"href":"https:\/\/vitamealbaby.com\/en\/wp-json\/wp\/v2\/media\/792"}],"wp:attachment":[{"href":"https:\/\/vitamealbaby.com\/en\/wp-json\/wp\/v2\/media?parent=743"}],"wp:term":[{"taxonomy":"product_brand","embeddable":true,"href":"https:\/\/vitamealbaby.com\/en\/wp-json\/wp\/v2\/product_brand?post=743"},{"taxonomy":"product_cat","embeddable":true,"href":"https:\/\/vitamealbaby.com\/en\/wp-json\/wp\/v2\/product_cat?post=743"},{"taxonomy":"product_tag","embeddable":true,"href":"https:\/\/vitamealbaby.com\/en\/wp-json\/wp\/v2\/product_tag?post=743"}],"curies":[{"name":"wp","href":"https:\/\/api.w.org\/{rel}","templated":true}]}}