{"id":746,"date":"2025-11-19T22:55:39","date_gmt":"2025-11-19T22:55:39","guid":{"rendered":"https:\/\/vitamealbaby.com\/?post_type=product&#038;p=746"},"modified":"2025-11-20T09:01:36","modified_gmt":"2025-11-20T09:01:36","slug":"petit-pots-tajine-poulet-et-legumes","status":"publish","type":"product","link":"https:\/\/vitamealbaby.com\/en\/product\/petit-pots-tajine-poulet-et-legumes\/","title":{"rendered":"Petit pot Tajine poulet et l\u00e9gumes"},"content":{"rendered":"<p>Le petit pot Tajine poulet et l\u00e9gumes Vitameal Baby propose une recette inspir\u00e9e des saveurs traditionnelles, associant du poulet tendre \u00e0 un assortiment de l\u00e9gumes soigneusement s\u00e9lectionn\u00e9s. Sa texture douce et homog\u00e8ne est adapt\u00e9e aux tout-petits et facilite la d\u00e9couverte de nouveaux go\u00fbts.<br \/>\nCe petit pot constitue un repas \u00e9quilibr\u00e9 qui s\u2019int\u00e8gre facilement dans la diversification alimentaire\u00a0de\u00a0b\u00e9b\u00e9.<\/p>","protected":false},"excerpt":{"rendered":"<p>Le petit pot Tajine poulet et l\u00e9gumes Vitameal Baby propose une recette inspir\u00e9e des saveurs traditionnelles, associant du poulet tendre \u00e0 un assortiment de l\u00e9gumes soigneusement s\u00e9lectionn\u00e9s. Sa texture douce et homog\u00e8ne est adapt\u00e9e aux tout-petits et facilite la d\u00e9couverte de nouveaux go\u00fbts.<br \/>\nCe petit pot constitue un repas \u00e9quilibr\u00e9 qui s\u2019int\u00e8gre facilement dans la diversification alimentaire\u00a0de\u00a0b\u00e9b\u00e9.<\/p>","protected":false},"featured_media":793,"comment_status":"open","ping_status":"closed","template":"","meta":{"om_disable_all_campaigns":false,"_monsterinsights_skip_tracking":false,"_monsterinsights_sitenote_active":false,"_monsterinsights_sitenote_note":"","_monsterinsights_sitenote_category":0},"product_brand":[],"product_cat":[16],"product_tag":[],"class_list":{"0":"post-746","1":"product","2":"type-product","3":"status-publish","4":"has-post-thumbnail","6":"product_cat-les-petits-pots-bebe-vitameal-baby","8":"first","9":"instock","10":"shipping-taxable","11":"product-type-simple"},"aioseo_notices":[],"_links":{"self":[{"href":"https:\/\/vitamealbaby.com\/en\/wp-json\/wp\/v2\/product\/746","targetHints":{"allow":["GET"]}}],"collection":[{"href":"https:\/\/vitamealbaby.com\/en\/wp-json\/wp\/v2\/product"}],"about":[{"href":"https:\/\/vitamealbaby.com\/en\/wp-json\/wp\/v2\/types\/product"}],"replies":[{"embeddable":true,"href":"https:\/\/vitamealbaby.com\/en\/wp-json\/wp\/v2\/comments?post=746"}],"wp:featuredmedia":[{"embeddable":true,"href":"https:\/\/vitamealbaby.com\/en\/wp-json\/wp\/v2\/media\/793"}],"wp:attachment":[{"href":"https:\/\/vitamealbaby.com\/en\/wp-json\/wp\/v2\/media?parent=746"}],"wp:term":[{"taxonomy":"product_brand","embeddable":true,"href":"https:\/\/vitamealbaby.com\/en\/wp-json\/wp\/v2\/product_brand?post=746"},{"taxonomy":"product_cat","embeddable":true,"href":"https:\/\/vitamealbaby.com\/en\/wp-json\/wp\/v2\/product_cat?post=746"},{"taxonomy":"product_tag","embeddable":true,"href":"https:\/\/vitamealbaby.com\/en\/wp-json\/wp\/v2\/product_tag?post=746"}],"curies":[{"name":"wp","href":"https:\/\/api.w.org\/{rel}","templated":true}]}}