{"id":748,"date":"2025-11-19T22:56:42","date_gmt":"2025-11-19T22:56:42","guid":{"rendered":"https:\/\/vitamealbaby.com\/?post_type=product&#038;p=748"},"modified":"2025-11-20T09:01:06","modified_gmt":"2025-11-20T09:01:06","slug":"petit-pots-puree-carotte-pomme-de-terre-aiguillettes-de-poulet","status":"publish","type":"product","link":"https:\/\/vitamealbaby.com\/en\/product\/petit-pots-puree-carotte-pomme-de-terre-aiguillettes-de-poulet\/","title":{"rendered":"Petit pot Pur\u00e9e carotte, pomme de terre et aiguillettes\u00a0de\u00a0poulet"},"content":{"rendered":"<p>La pur\u00e9e carotte, pomme de terre et Aiguillettes de poulet Vitameal Baby associe des carottes douces, des pommes de terre fondantes et du poulet finement pr\u00e9par\u00e9 pour un repas complet et \u00e9quilibr\u00e9. Sa texture lisse est sp\u00e9cialement adapt\u00e9e aux tout-petits et facilite la d\u00e9couverte des saveurs sal\u00e9es.<br \/>\nCette recette nutritive s\u2019int\u00e8gre facilement dans la diversification alimentaire de b\u00e9b\u00e9 et r\u00e9pond \u00e0 ses besoins\u00a0quotidiens.<\/p>","protected":false},"excerpt":{"rendered":"<p>La pur\u00e9e carotte, pomme de terre et Aiguillettes de poulet Vitameal Baby associe des carottes douces, des pommes de terre fondantes et du poulet finement pr\u00e9par\u00e9 pour un repas complet et \u00e9quilibr\u00e9. Sa texture lisse est sp\u00e9cialement adapt\u00e9e aux tout-petits et facilite la d\u00e9couverte des saveurs sal\u00e9es.<br \/>\nCette recette nutritive s\u2019int\u00e8gre facilement dans la diversification alimentaire de b\u00e9b\u00e9 et r\u00e9pond \u00e0 ses besoins\u00a0quotidiens.<\/p>","protected":false},"featured_media":794,"comment_status":"open","ping_status":"closed","template":"","meta":{"om_disable_all_campaigns":false,"_monsterinsights_skip_tracking":false,"_monsterinsights_sitenote_active":false,"_monsterinsights_sitenote_note":"","_monsterinsights_sitenote_category":0},"product_brand":[],"product_cat":[16],"product_tag":[],"class_list":{"0":"post-748","1":"product","2":"type-product","3":"status-publish","4":"has-post-thumbnail","6":"product_cat-les-petits-pots-bebe-vitameal-baby","8":"first","9":"instock","10":"shipping-taxable","11":"product-type-simple"},"aioseo_notices":[],"_links":{"self":[{"href":"https:\/\/vitamealbaby.com\/en\/wp-json\/wp\/v2\/product\/748","targetHints":{"allow":["GET"]}}],"collection":[{"href":"https:\/\/vitamealbaby.com\/en\/wp-json\/wp\/v2\/product"}],"about":[{"href":"https:\/\/vitamealbaby.com\/en\/wp-json\/wp\/v2\/types\/product"}],"replies":[{"embeddable":true,"href":"https:\/\/vitamealbaby.com\/en\/wp-json\/wp\/v2\/comments?post=748"}],"wp:featuredmedia":[{"embeddable":true,"href":"https:\/\/vitamealbaby.com\/en\/wp-json\/wp\/v2\/media\/794"}],"wp:attachment":[{"href":"https:\/\/vitamealbaby.com\/en\/wp-json\/wp\/v2\/media?parent=748"}],"wp:term":[{"taxonomy":"product_brand","embeddable":true,"href":"https:\/\/vitamealbaby.com\/en\/wp-json\/wp\/v2\/product_brand?post=748"},{"taxonomy":"product_cat","embeddable":true,"href":"https:\/\/vitamealbaby.com\/en\/wp-json\/wp\/v2\/product_cat?post=748"},{"taxonomy":"product_tag","embeddable":true,"href":"https:\/\/vitamealbaby.com\/en\/wp-json\/wp\/v2\/product_tag?post=748"}],"curies":[{"name":"wp","href":"https:\/\/api.w.org\/{rel}","templated":true}]}}