{"id":756,"date":"2025-11-19T23:00:42","date_gmt":"2025-11-19T23:00:42","guid":{"rendered":"https:\/\/vitamealbaby.com\/?post_type=product&#038;p=756"},"modified":"2025-11-20T08:47:49","modified_gmt":"2025-11-20T08:47:49","slug":"petit-pot-petites-pates-carottes-au-poulet","status":"publish","type":"product","link":"https:\/\/vitamealbaby.com\/en\/product\/petit-pot-petites-pates-carottes-au-poulet\/","title":{"rendered":"Petit pot petites p\u00e2tes carottes au\u00a0poulet"},"content":{"rendered":"<p>Le petit pot Petites p\u00e2tes carottes au poulet Vitameal Baby associe de petites p\u00e2tes fondantes, des carottes douces et du poulet finement pr\u00e9par\u00e9 pour offrir un repas \u00e9quilibr\u00e9 et adapt\u00e9 aux tout-petits. Sa texture tendre facilite la d\u00e9gustation et accompagne id\u00e9alement la diversification alimentaire.<br \/>\nCette recette compl\u00e8te apporte des saveurs simples et harmonieuses, convenant aux besoins nutritionnels quotidiens\u00a0de\u00a0b\u00e9b\u00e9.<\/p>","protected":false},"excerpt":{"rendered":"<p>Le petit pot Petites p\u00e2tes carottes au poulet Vitameal Baby associe de petites p\u00e2tes fondantes, des carottes douces et du poulet finement pr\u00e9par\u00e9 pour offrir un repas \u00e9quilibr\u00e9 et adapt\u00e9 aux tout-petits. Sa texture tendre facilite la d\u00e9gustation et accompagne id\u00e9alement la diversification alimentaire.<br \/>\nCette recette compl\u00e8te apporte des saveurs simples et harmonieuses, convenant aux besoins nutritionnels quotidiens\u00a0de\u00a0b\u00e9b\u00e9.<\/p>","protected":false},"featured_media":798,"comment_status":"open","ping_status":"closed","template":"","meta":{"om_disable_all_campaigns":false,"_monsterinsights_skip_tracking":false,"_monsterinsights_sitenote_active":false,"_monsterinsights_sitenote_note":"","_monsterinsights_sitenote_category":0},"product_brand":[],"product_cat":[16],"product_tag":[],"class_list":{"0":"post-756","1":"product","2":"type-product","3":"status-publish","4":"has-post-thumbnail","6":"product_cat-les-petits-pots-bebe-vitameal-baby","8":"first","9":"instock","10":"shipping-taxable","11":"product-type-simple"},"aioseo_notices":[],"_links":{"self":[{"href":"https:\/\/vitamealbaby.com\/en\/wp-json\/wp\/v2\/product\/756","targetHints":{"allow":["GET"]}}],"collection":[{"href":"https:\/\/vitamealbaby.com\/en\/wp-json\/wp\/v2\/product"}],"about":[{"href":"https:\/\/vitamealbaby.com\/en\/wp-json\/wp\/v2\/types\/product"}],"replies":[{"embeddable":true,"href":"https:\/\/vitamealbaby.com\/en\/wp-json\/wp\/v2\/comments?post=756"}],"wp:featuredmedia":[{"embeddable":true,"href":"https:\/\/vitamealbaby.com\/en\/wp-json\/wp\/v2\/media\/798"}],"wp:attachment":[{"href":"https:\/\/vitamealbaby.com\/en\/wp-json\/wp\/v2\/media?parent=756"}],"wp:term":[{"taxonomy":"product_brand","embeddable":true,"href":"https:\/\/vitamealbaby.com\/en\/wp-json\/wp\/v2\/product_brand?post=756"},{"taxonomy":"product_cat","embeddable":true,"href":"https:\/\/vitamealbaby.com\/en\/wp-json\/wp\/v2\/product_cat?post=756"},{"taxonomy":"product_tag","embeddable":true,"href":"https:\/\/vitamealbaby.com\/en\/wp-json\/wp\/v2\/product_tag?post=756"}],"curies":[{"name":"wp","href":"https:\/\/api.w.org\/{rel}","templated":true}]}}