{"id":758,"date":"2025-11-19T23:01:50","date_gmt":"2025-11-19T23:01:50","guid":{"rendered":"https:\/\/vitamealbaby.com\/?post_type=product&#038;p=758"},"modified":"2025-11-20T16:20:32","modified_gmt":"2025-11-20T16:20:32","slug":"petit-pot-dinde-riz","status":"publish","type":"product","link":"https:\/\/vitamealbaby.com\/en\/product\/petit-pot-dinde-riz\/","title":{"rendered":"Petit pot Dinde riz"},"content":{"rendered":"<p>Le petit pot Dinde riz Vitameal Baby associe de la dinde finement pr\u00e9par\u00e9e \u00e0 du riz fondant pour une recette douce et \u00e9quilibr\u00e9e. Sa texture lisse et facile \u00e0 manger est adapt\u00e9e aux tout-petits et accompagne parfaitement la diversification alimentaire.<br \/>\nCette pr\u00e9paration simple et nutritive s\u2019int\u00e8gre facilement dans les repas quotidiens\u00a0de\u00a0b\u00e9b\u00e9.<\/p>","protected":false},"excerpt":{"rendered":"<p>Le petit pot Dinde riz Vitameal Baby associe de la dinde finement pr\u00e9par\u00e9e \u00e0 du riz fondant pour une recette douce et \u00e9quilibr\u00e9e. Sa texture lisse et facile \u00e0 manger est adapt\u00e9e aux tout-petits et accompagne parfaitement la diversification alimentaire.<br \/>\nCette pr\u00e9paration simple et nutritive s\u2019int\u00e8gre facilement dans les repas quotidiens\u00a0de\u00a0b\u00e9b\u00e9.<\/p>","protected":false},"featured_media":934,"comment_status":"open","ping_status":"closed","template":"","meta":{"om_disable_all_campaigns":false,"_monsterinsights_skip_tracking":false,"_monsterinsights_sitenote_active":false,"_monsterinsights_sitenote_note":"","_monsterinsights_sitenote_category":0},"product_brand":[],"product_cat":[16],"product_tag":[],"class_list":{"0":"post-758","1":"product","2":"type-product","3":"status-publish","4":"has-post-thumbnail","6":"product_cat-les-petits-pots-bebe-vitameal-baby","8":"first","9":"instock","10":"shipping-taxable","11":"product-type-simple"},"aioseo_notices":[],"_links":{"self":[{"href":"https:\/\/vitamealbaby.com\/en\/wp-json\/wp\/v2\/product\/758","targetHints":{"allow":["GET"]}}],"collection":[{"href":"https:\/\/vitamealbaby.com\/en\/wp-json\/wp\/v2\/product"}],"about":[{"href":"https:\/\/vitamealbaby.com\/en\/wp-json\/wp\/v2\/types\/product"}],"replies":[{"embeddable":true,"href":"https:\/\/vitamealbaby.com\/en\/wp-json\/wp\/v2\/comments?post=758"}],"wp:featuredmedia":[{"embeddable":true,"href":"https:\/\/vitamealbaby.com\/en\/wp-json\/wp\/v2\/media\/934"}],"wp:attachment":[{"href":"https:\/\/vitamealbaby.com\/en\/wp-json\/wp\/v2\/media?parent=758"}],"wp:term":[{"taxonomy":"product_brand","embeddable":true,"href":"https:\/\/vitamealbaby.com\/en\/wp-json\/wp\/v2\/product_brand?post=758"},{"taxonomy":"product_cat","embeddable":true,"href":"https:\/\/vitamealbaby.com\/en\/wp-json\/wp\/v2\/product_cat?post=758"},{"taxonomy":"product_tag","embeddable":true,"href":"https:\/\/vitamealbaby.com\/en\/wp-json\/wp\/v2\/product_tag?post=758"}],"curies":[{"name":"wp","href":"https:\/\/api.w.org\/{rel}","templated":true}]}}