{"id":760,"date":"2025-11-19T23:02:43","date_gmt":"2025-11-19T23:02:43","guid":{"rendered":"https:\/\/vitamealbaby.com\/?post_type=product&#038;p=760"},"modified":"2025-11-20T16:18:43","modified_gmt":"2025-11-20T16:18:43","slug":"petit-pot-dinde-et-jardiniere-de-legumes","status":"publish","type":"product","link":"https:\/\/vitamealbaby.com\/en\/product\/petit-pot-dinde-et-jardiniere-de-legumes\/","title":{"rendered":"Petit pot Dinde et jardini\u00e8re de\u00a0l\u00e9gumes"},"content":{"rendered":"<p>Le petit pot Dinde et jardini\u00e8re de l\u00e9gumes Vitameal Baby combine de la dinde tendre avec un assortiment de l\u00e9gumes doux pour une recette \u00e9quilibr\u00e9e et adapt\u00e9e aux tout-petits. Sa texture lisse facilite la d\u00e9gustation et accompagne id\u00e9alement la diversification alimentaire.<br \/>\nCette pr\u00e9paration compl\u00e8te apporte des saveurs vari\u00e9es tout en r\u00e9pondant aux besoins nutritionnels quotidiens\u00a0de\u00a0b\u00e9b\u00e9.<\/p>","protected":false},"excerpt":{"rendered":"<p>Le petit pot Dinde et jardini\u00e8re de l\u00e9gumes Vitameal Baby combine de la dinde tendre avec un assortiment de l\u00e9gumes doux pour une recette \u00e9quilibr\u00e9e et adapt\u00e9e aux tout-petits. Sa texture lisse facilite la d\u00e9gustation et accompagne id\u00e9alement la diversification alimentaire.<br \/>\nCette pr\u00e9paration compl\u00e8te apporte des saveurs vari\u00e9es tout en r\u00e9pondant aux besoins nutritionnels quotidiens\u00a0de\u00a0b\u00e9b\u00e9.<\/p>","protected":false},"featured_media":933,"comment_status":"open","ping_status":"closed","template":"","meta":{"om_disable_all_campaigns":false,"_monsterinsights_skip_tracking":false,"_monsterinsights_sitenote_active":false,"_monsterinsights_sitenote_note":"","_monsterinsights_sitenote_category":0},"product_brand":[],"product_cat":[16],"product_tag":[],"class_list":{"0":"post-760","1":"product","2":"type-product","3":"status-publish","4":"has-post-thumbnail","6":"product_cat-les-petits-pots-bebe-vitameal-baby","8":"first","9":"instock","10":"shipping-taxable","11":"product-type-simple"},"aioseo_notices":[],"_links":{"self":[{"href":"https:\/\/vitamealbaby.com\/en\/wp-json\/wp\/v2\/product\/760","targetHints":{"allow":["GET"]}}],"collection":[{"href":"https:\/\/vitamealbaby.com\/en\/wp-json\/wp\/v2\/product"}],"about":[{"href":"https:\/\/vitamealbaby.com\/en\/wp-json\/wp\/v2\/types\/product"}],"replies":[{"embeddable":true,"href":"https:\/\/vitamealbaby.com\/en\/wp-json\/wp\/v2\/comments?post=760"}],"wp:featuredmedia":[{"embeddable":true,"href":"https:\/\/vitamealbaby.com\/en\/wp-json\/wp\/v2\/media\/933"}],"wp:attachment":[{"href":"https:\/\/vitamealbaby.com\/en\/wp-json\/wp\/v2\/media?parent=760"}],"wp:term":[{"taxonomy":"product_brand","embeddable":true,"href":"https:\/\/vitamealbaby.com\/en\/wp-json\/wp\/v2\/product_brand?post=760"},{"taxonomy":"product_cat","embeddable":true,"href":"https:\/\/vitamealbaby.com\/en\/wp-json\/wp\/v2\/product_cat?post=760"},{"taxonomy":"product_tag","embeddable":true,"href":"https:\/\/vitamealbaby.com\/en\/wp-json\/wp\/v2\/product_tag?post=760"}],"curies":[{"name":"wp","href":"https:\/\/api.w.org\/{rel}","templated":true}]}}